{"id":540,"date":"2016-08-31T12:38:04","date_gmt":"2016-08-31T12:38:04","guid":{"rendered":"http:\/\/impreza9.us-themes.com\/?page_id=540"},"modified":"2026-03-04T08:23:40","modified_gmt":"2026-03-04T08:23:40","slug":"ueber_uns","status":"publish","type":"page","link":"https:\/\/parkbadgoisern-shop.at\/?page_id=540","title":{"rendered":"\u00dcber uns"},"content":{"rendered":"\n<h1 class=\"wp-block-heading\">Willkommen im Parkbad Bad Goisern<\/h1>\n\n\n\n<p>Das sch\u00f6nste Freibad im Salzkammergut \u2013<br>direkt am Hallst\u00e4ttersee<\/p>\n\n\n\n<p>\ud83c\udfdb\ufe0f<\/p>\n\n\n\n<blockquote class=\"wp-block-quote is-layout-flow wp-block-quote-is-layout-flow\">\n<p>Ich freue mich, Ihnen den neuen Shop f\u00fcr den Verkauf unserer Saisonkarten f\u00fcr das Parkbad Bad Goisern pr\u00e4sentieren zu d\u00fcrfen! Ich hoffe, er wird einiges an B\u00fcrokratie beseitigen und vieles einfacher machen.<\/p>\n<\/blockquote>\n\n\n\n<p>Leopold Schilcher MAS<\/p>\n\n\n\n<p>B\u00fcrgermeister der Marktgemeinde Bad Goisern am Hallst\u00e4ttersee<\/p>\n\n\n\n<p>\ud83d\udccd<\/p>\n\n\n\n<p>Lage<\/p>\n\n\n\n<p>Bad Goisern am Hallst\u00e4ttersee, Ober\u00f6sterreich<\/p>\n\n\n\n<p>\ud83c\udfca<\/p>\n\n\n\n<p>Freibad<\/p>\n\n\n\n<p>Kristallklares Wasser, herrliches Bergpanorama<\/p>\n\n\n\n<p>\u2600\ufe0f<\/p>\n\n\n\n<p>Saison<\/p>\n\n\n\n<p>Ge\u00f6ffnet von Mai bis September<\/p>\n\n\n\n<h2 class=\"wp-block-heading\">Warum eine Saisonkarte?<\/h2>\n\n\n\n<ul class=\"wp-block-list\">\n<li>Unbegrenzte Eintritte die gesamte Saison<\/li>\n\n\n\n<li>Einmal kaufen \u2013 den ganzen Sommer genie\u00dfen<\/li>\n\n\n\n<li>G\u00fcnstig f\u00fcr Familien mit Kindern<\/li>\n\n\n\n<li>Online kaufen, sofort g\u00fcltig<\/li>\n\n\n\n<li>Keine Warteschlange an der Kasse<\/li>\n\n\n\n<li>Erm\u00e4\u00dfigungen f\u00fcr Kinder, Senioren &amp; mehr<\/li>\n<\/ul>\n\n\n\n<h2 class=\"wp-block-heading\">Jetzt Saisonkarte sichern! \ud83c\udfab<\/h2>\n\n\n\n<p>Alle Karten bequem online kaufen \u2013 f\u00fcr Einzelpersonen und Familien.<a href=\"\/\">Zum Shop \u2192<\/a><\/p>\n","protected":false},"excerpt":{"rendered":"<p>Willkommen im Parkbad Bad Goisern Das sch\u00f6nste Freibad im Salzkammergut \u2013direkt am Hallst\u00e4ttersee \ud83c\udfdb\ufe0f Ich freue mich, Ihnen den neuen Shop f\u00fcr den Verkauf unserer Saisonkarten f\u00fcr das Parkbad Bad Goisern pr\u00e4sentieren zu d\u00fcrfen! Ich hoffe, er wird einiges an B\u00fcrokratie beseitigen und vieles einfacher machen. Leopold Schilcher MAS B\u00fcrgermeister der Marktgemeinde Bad Goisern am [&hellip;]<\/p>\n","protected":false},"author":1,"featured_media":0,"parent":0,"menu_order":0,"comment_status":"closed","ping_status":"closed","template":"","meta":{"site-sidebar-layout":"no-sidebar","site-content-layout":"plain-container","ast-site-content-layout":"normal-width-container","site-content-style":"unboxed","site-sidebar-style":"unboxed","ast-global-header-display":"","ast-banner-title-visibility":"","ast-main-header-display":"","ast-hfb-above-header-display":"","ast-hfb-below-header-display":"","ast-hfb-mobile-header-display":"","site-post-title":"disabled","ast-breadcrumbs-content":"","ast-featured-img":"disabled","footer-sml-layout":"","ast-disable-related-posts":"","theme-transparent-header-meta":"default","adv-header-id-meta":"","stick-header-meta":"","header-above-stick-meta":"","header-main-stick-meta":"","header-below-stick-meta":"","astra-migrate-meta-layouts":"set","ast-page-background-enabled":"default","ast-page-background-meta":{"desktop":{"background-color":"","background-image":"","background-repeat":"repeat","background-position":"center center","background-size":"auto","background-attachment":"scroll","background-type":"","background-media":"","overlay-type":"","overlay-color":"","overlay-opacity":"","overlay-gradient":""},"tablet":{"background-color":"","background-image":"","background-repeat":"repeat","background-position":"center center","background-size":"auto","background-attachment":"scroll","background-type":"","background-media":"","overlay-type":"","overlay-color":"","overlay-opacity":"","overlay-gradient":""},"mobile":{"background-color":"","background-image":"","background-repeat":"repeat","background-position":"center center","background-size":"auto","background-attachment":"scroll","background-type":"","background-media":"","overlay-type":"","overlay-color":"","overlay-opacity":"","overlay-gradient":""}},"ast-content-background-meta":{"desktop":{"background-color":"var(--ast-global-color-5)","background-image":"","background-repeat":"repeat","background-position":"center center","background-size":"auto","background-attachment":"scroll","background-type":"","background-media":"","overlay-type":"","overlay-color":"","overlay-opacity":"","overlay-gradient":""},"tablet":{"background-color":"var(--ast-global-color-5)","background-image":"","background-repeat":"repeat","background-position":"center center","background-size":"auto","background-attachment":"scroll","background-type":"","background-media":"","overlay-type":"","overlay-color":"","overlay-opacity":"","overlay-gradient":""},"mobile":{"background-color":"var(--ast-global-color-5)","background-image":"","background-repeat":"repeat","background-position":"center center","background-size":"auto","background-attachment":"scroll","background-type":"","background-media":"","overlay-type":"","overlay-color":"","overlay-opacity":"","overlay-gradient":""}},"footnotes":""},"class_list":["post-540","page","type-page","status-publish","hentry"],"_links":{"self":[{"href":"https:\/\/parkbadgoisern-shop.at\/index.php?rest_route=\/wp\/v2\/pages\/540","targetHints":{"allow":["GET"]}}],"collection":[{"href":"https:\/\/parkbadgoisern-shop.at\/index.php?rest_route=\/wp\/v2\/pages"}],"about":[{"href":"https:\/\/parkbadgoisern-shop.at\/index.php?rest_route=\/wp\/v2\/types\/page"}],"author":[{"embeddable":true,"href":"https:\/\/parkbadgoisern-shop.at\/index.php?rest_route=\/wp\/v2\/users\/1"}],"replies":[{"embeddable":true,"href":"https:\/\/parkbadgoisern-shop.at\/index.php?rest_route=%2Fwp%2Fv2%2Fcomments&post=540"}],"version-history":[{"count":162,"href":"https:\/\/parkbadgoisern-shop.at\/index.php?rest_route=\/wp\/v2\/pages\/540\/revisions"}],"predecessor-version":[{"id":7240,"href":"https:\/\/parkbadgoisern-shop.at\/index.php?rest_route=\/wp\/v2\/pages\/540\/revisions\/7240"}],"wp:attachment":[{"href":"https:\/\/parkbadgoisern-shop.at\/index.php?rest_route=%2Fwp%2Fv2%2Fmedia&parent=540"}],"curies":[{"name":"wp","href":"https:\/\/api.w.org\/{rel}","templated":true}]}}